{"id":1524,"date":"2019-12-20T08:37:07","date_gmt":"2019-12-20T08:37:07","guid":{"rendered":"http:\/\/veleztopografia.com\/?page_id=1524"},"modified":"2020-05-07T20:54:01","modified_gmt":"2020-05-07T20:54:01","slug":"aplicaciones-android","status":"publish","type":"page","link":"https:\/\/veleztopografia.com\/index.php\/aplicaciones-android\/","title":{"rendered":"Aplicaciones android"},"content":{"rendered":"\t\t<div data-elementor-type=\"wp-page\" data-elementor-id=\"1524\" class=\"elementor elementor-1524\" data-elementor-post-type=\"page\">\n\t\t\t\t\t\t<section class=\"elementor-section elementor-top-section elementor-element elementor-element-61490305 elementor-section-height-min-height elementor-section-items-stretch elementor-section-boxed elementor-section-height-default\" data-id=\"61490305\" data-element_type=\"section\" data-e-type=\"section\" data-settings=\"{&quot;background_background&quot;:&quot;classic&quot;,&quot;shape_divider_bottom&quot;:&quot;arrow&quot;,&quot;shape_divider_bottom_negative&quot;:&quot;yes&quot;}\">\n\t\t\t\t\t\t\t<div class=\"elementor-background-overlay\"><\/div>\n\t\t\t\t\t\t<div class=\"elementor-shape elementor-shape-bottom\" aria-hidden=\"true\" data-negative=\"true\">\n\t\t\t<svg xmlns=\"http:\/\/www.w3.org\/2000\/svg\" viewBox=\"0 0 700 10\" preserveAspectRatio=\"none\">\n\t<path class=\"elementor-shape-fill\" d=\"M360 0L350 9.9 340 0 0 0 0 10 700 10 700 0\"\/>\n<\/svg>\t\t<\/div>\n\t\t\t\t\t<div class=\"elementor-container elementor-column-gap-default\">\n\t\t\t\t\t<div class=\"elementor-column elementor-col-100 elementor-top-column elementor-element elementor-element-38aa76d4\" data-id=\"38aa76d4\" data-element_type=\"column\" data-e-type=\"column\">\n\t\t\t<div class=\"elementor-widget-wrap elementor-element-populated\">\n\t\t\t\t\t\t<div class=\"elementor-element elementor-element-cd648fa elementor-widget elementor-widget-heading\" data-id=\"cd648fa\" data-element_type=\"widget\" data-e-type=\"widget\" data-widget_type=\"heading.default\">\n\t\t\t\t<div class=\"elementor-widget-container\">\n\t\t\t\t\t<h2 class=\"elementor-heading-title elementor-size-default\">APLICACIONES M\u00d3VILES<\/h2>\t\t\t\t<\/div>\n\t\t\t\t<\/div>\n\t\t\t\t\t<\/div>\n\t\t<\/div>\n\t\t\t\t\t<\/div>\n\t\t<\/section>\n\t\t\t\t<section class=\"elementor-section elementor-top-section elementor-element elementor-element-476b68d3 elementor-section-content-top elementor-reverse-mobile elementor-section-boxed elementor-section-height-default elementor-section-height-default\" data-id=\"476b68d3\" data-element_type=\"section\" data-e-type=\"section\">\n\t\t\t\t\t\t<div class=\"elementor-container elementor-column-gap-wider\">\n\t\t\t\t\t<div class=\"elementor-column elementor-col-66 elementor-top-column elementor-element elementor-element-53286242\" data-id=\"53286242\" data-element_type=\"column\" data-e-type=\"column\">\n\t\t\t<div class=\"elementor-widget-wrap elementor-element-populated\">\n\t\t\t\t\t\t<div class=\"elementor-element elementor-element-586e303 elementor-widget elementor-widget-heading\" data-id=\"586e303\" data-element_type=\"widget\" data-e-type=\"widget\" data-widget_type=\"heading.default\">\n\t\t\t\t<div class=\"elementor-widget-container\">\n\t\t\t\t\t<h3 class=\"elementor-heading-title elementor-size-default\">APP M\u00d3VILES ANDROID<\/h3>\t\t\t\t<\/div>\n\t\t\t\t<\/div>\n\t\t\t\t<div class=\"elementor-element elementor-element-1ecd986a elementor-widget elementor-widget-text-editor\" data-id=\"1ecd986a\" data-element_type=\"widget\" data-e-type=\"widget\" data-widget_type=\"text-editor.default\">\n\t\t\t\t<div class=\"elementor-widget-container\">\n\t\t\t\t\t\t\t\t\t<p>La <strong>geolocalizaci\u00f3n,<\/strong> como ya sab\u00e9is, consiste en conocer autom\u00e1ticamente la ubicaci\u00f3n geogr\u00e1fica en la que nos encontramos. Una funcionalidad que va cobrando cada vez m\u00e1s importancia.<\/p><p>Es por esta importancia en auge que cada vez m\u00e1s smartphones, y no s\u00f3lo los de gama alta, incluyen <strong>un GPS para poder determinar nuestra localizaci\u00f3n<\/strong>\u00a0sobre el mapa. Precisamente es el sector del desarrollo de aplicaciones m\u00f3viles el que est\u00e1 sabiendo ver la amplia variedad de posibilidades que ofrece la geolocalizaci\u00f3n. De hecho, hay muchas maneras en las que te puede ayudar esta funcionalidad desde tu dispositivo m\u00f3vil.<\/p><p>Desarrollamos aplicaciones m\u00f3viles para android a medida. nos adaptamos a sus necesidades empresariales y personales.<\/p>\t\t\t\t\t\t\t\t<\/div>\n\t\t\t\t<\/div>\n\t\t\t\t\t<\/div>\n\t\t<\/div>\n\t\t\t\t<div class=\"elementor-column elementor-col-33 elementor-top-column elementor-element elementor-element-38227794\" data-id=\"38227794\" data-element_type=\"column\" data-e-type=\"column\">\n\t\t\t<div class=\"elementor-widget-wrap elementor-element-populated\">\n\t\t\t\t\t\t<div class=\"elementor-element elementor-element-5587f90c elementor-widget elementor-widget-image\" data-id=\"5587f90c\" data-element_type=\"widget\" data-e-type=\"widget\" data-widget_type=\"image.default\">\n\t\t\t\t<div class=\"elementor-widget-container\">\n\t\t\t\t\t\t\t\t\t\t\t\t\t\t\t<img fetchpriority=\"high\" decoding=\"async\" width=\"1378\" height=\"1378\" src=\"https:\/\/veleztopografia.com\/wp-content\/uploads\/2019\/12\/Georeferenciacion-1.jpg\" class=\"attachment-full size-full wp-image-1224\" alt=\"topografo en malaga\" srcset=\"https:\/\/veleztopografia.com\/wp-content\/uploads\/2019\/12\/Georeferenciacion-1.jpg 1378w, https:\/\/veleztopografia.com\/wp-content\/uploads\/2019\/12\/Georeferenciacion-1-300x300.jpg 300w, https:\/\/veleztopografia.com\/wp-content\/uploads\/2019\/12\/Georeferenciacion-1-1024x1024.jpg 1024w, https:\/\/veleztopografia.com\/wp-content\/uploads\/2019\/12\/Georeferenciacion-1-150x150.jpg 150w, https:\/\/veleztopografia.com\/wp-content\/uploads\/2019\/12\/Georeferenciacion-1-768x768.jpg 768w\" sizes=\"(max-width: 1378px) 100vw, 1378px\" \/>\t\t\t\t\t\t\t\t\t\t\t\t\t\t\t<\/div>\n\t\t\t\t<\/div>\n\t\t\t\t\t<\/div>\n\t\t<\/div>\n\t\t\t\t\t<\/div>\n\t\t<\/section>\n\t\t\t\t<\/div>\n\t\t","protected":false},"excerpt":{"rendered":"<p>APLICACIONES M\u00d3VILES APP M\u00d3VILES ANDROID La geolocalizaci\u00f3n, como ya sab\u00e9is, consiste en conocer autom\u00e1ticamente la ubicaci\u00f3n geogr\u00e1fica en la que nos encontramos. Una funcionalidad que va cobrando cada vez m\u00e1s importancia. Es por esta importancia en auge que cada vez m\u00e1s smartphones, y no s\u00f3lo los de gama alta, incluyen un GPS para poder determinar [&hellip;]<\/p>\n","protected":false},"author":1,"featured_media":0,"parent":0,"menu_order":0,"comment_status":"closed","ping_status":"closed","template":"","meta":{"_uag_custom_page_level_css":"","_monsterinsights_skip_tracking":false,"_monsterinsights_sitenote_active":false,"_monsterinsights_sitenote_note":"","_monsterinsights_sitenote_category":0,"site-sidebar-layout":"no-sidebar","site-content-layout":"page-builder","ast-site-content-layout":"default","site-content-style":"default","site-sidebar-style":"default","ast-global-header-display":"","ast-banner-title-visibility":"","ast-main-header-display":"","ast-hfb-above-header-display":"","ast-hfb-below-header-display":"","ast-hfb-mobile-header-display":"","site-post-title":"disabled","ast-breadcrumbs-content":"","ast-featured-img":"disabled","footer-sml-layout":"","ast-disable-related-posts":"","theme-transparent-header-meta":"default","adv-header-id-meta":"","stick-header-meta":"default","header-above-stick-meta":"","header-main-stick-meta":"","header-below-stick-meta":"","astra-migrate-meta-layouts":"default","ast-page-background-enabled":"default","ast-page-background-meta":{"desktop":{"background-color":"","background-image":"","background-repeat":"repeat","background-position":"center center","background-size":"auto","background-attachment":"scroll","background-type":"","background-media":"","overlay-type":"","overlay-color":"","overlay-opacity":"","overlay-gradient":""},"tablet":{"background-color":"","background-image":"","background-repeat":"repeat","background-position":"center center","background-size":"auto","background-attachment":"scroll","background-type":"","background-media":"","overlay-type":"","overlay-color":"","overlay-opacity":"","overlay-gradient":""},"mobile":{"background-color":"","background-image":"","background-repeat":"repeat","background-position":"center center","background-size":"auto","background-attachment":"scroll","background-type":"","background-media":"","overlay-type":"","overlay-color":"","overlay-opacity":"","overlay-gradient":""}},"ast-content-background-meta":{"desktop":{"background-color":"var(--ast-global-color-5)","background-image":"","background-repeat":"repeat","background-position":"center center","background-size":"auto","background-attachment":"scroll","background-type":"","background-media":"","overlay-type":"","overlay-color":"","overlay-opacity":"","overlay-gradient":""},"tablet":{"background-color":"var(--ast-global-color-5)","background-image":"","background-repeat":"repeat","background-position":"center center","background-size":"auto","background-attachment":"scroll","background-type":"","background-media":"","overlay-type":"","overlay-color":"","overlay-opacity":"","overlay-gradient":""},"mobile":{"background-color":"var(--ast-global-color-5)","background-image":"","background-repeat":"repeat","background-position":"center center","background-size":"auto","background-attachment":"scroll","background-type":"","background-media":"","overlay-type":"","overlay-color":"","overlay-opacity":"","overlay-gradient":""}},"footnotes":""},"class_list":["post-1524","page","type-page","status-publish","hentry"],"yoast_head":"<!-- This site is optimized with the Yoast SEO Premium plugin v24.1 (Yoast SEO v27.2) - https:\/\/yoast.com\/product\/yoast-seo-premium-wordpress\/ -->\n<title>aplicaciones posicionamiento georrferenciaci\u00f3n<\/title>\n<meta name=\"description\" content=\"Top\u00f3grafo en V\u00e9lez-M\u00e1laga.Servicios de topograf\u00eda en la axarqu\u00eda y M\u00e1laga.Medici\u00f3n de fincas,catastro,levantamiento topogr\u00e1ficos, segregaciones,replanteos..\" \/>\n<meta name=\"robots\" content=\"index, follow, max-snippet:-1, max-image-preview:large, max-video-preview:-1\" \/>\n<link rel=\"canonical\" href=\"https:\/\/veleztopografia.com\/index.php\/aplicaciones-android\/\" \/>\n<meta property=\"og:locale\" content=\"es_ES\" \/>\n<meta property=\"og:type\" content=\"article\" \/>\n<meta property=\"og:title\" content=\"Aplicaciones android\" \/>\n<meta property=\"og:description\" content=\"Top\u00f3grafo en V\u00e9lez-M\u00e1laga.Servicios de topograf\u00eda en la axarqu\u00eda y M\u00e1laga.Medici\u00f3n de fincas,catastro,levantamiento topogr\u00e1ficos, segregaciones,replanteos..\" \/>\n<meta property=\"og:url\" content=\"https:\/\/veleztopografia.com\/index.php\/aplicaciones-android\/\" \/>\n<meta property=\"og:site_name\" content=\"V\u00e9lez Topograf\u00eda\" \/>\n<meta property=\"article:publisher\" content=\"https:\/\/www.facebook.com\/veleztopografia\" \/>\n<meta property=\"article:modified_time\" content=\"2020-05-07T20:54:01+00:00\" \/>\n<meta property=\"og:image\" content=\"http:\/\/veleztopografia.com\/wp-content\/uploads\/2019\/12\/Georeferenciacion-1.jpg\" \/>\n<meta name=\"twitter:card\" content=\"summary_large_image\" \/>\n<meta name=\"twitter:site\" content=\"@alvaro_manen\" \/>\n<meta name=\"twitter:label1\" content=\"Tiempo de lectura\" \/>\n\t<meta name=\"twitter:data1\" content=\"1 minuto\" \/>\n<script type=\"application\/ld+json\" class=\"yoast-schema-graph\">{\"@context\":\"https:\/\/schema.org\",\"@graph\":[{\"@type\":\"WebPage\",\"@id\":\"https:\/\/veleztopografia.com\/index.php\/aplicaciones-android\/\",\"url\":\"https:\/\/veleztopografia.com\/index.php\/aplicaciones-android\/\",\"name\":\"aplicaciones posicionamiento georrferenciaci\u00f3n\",\"isPartOf\":{\"@id\":\"http:\/\/veleztopografia.com\/#website\"},\"primaryImageOfPage\":{\"@id\":\"https:\/\/veleztopografia.com\/index.php\/aplicaciones-android\/#primaryimage\"},\"image\":{\"@id\":\"https:\/\/veleztopografia.com\/index.php\/aplicaciones-android\/#primaryimage\"},\"thumbnailUrl\":\"http:\/\/veleztopografia.com\/wp-content\/uploads\/2019\/12\/Georeferenciacion-1.jpg\",\"datePublished\":\"2019-12-20T08:37:07+00:00\",\"dateModified\":\"2020-05-07T20:54:01+00:00\",\"description\":\"Top\u00f3grafo en V\u00e9lez-M\u00e1laga.Servicios de topograf\u00eda en la axarqu\u00eda y M\u00e1laga.Medici\u00f3n de fincas,catastro,levantamiento topogr\u00e1ficos, segregaciones,replanteos..\",\"breadcrumb\":{\"@id\":\"https:\/\/veleztopografia.com\/index.php\/aplicaciones-android\/#breadcrumb\"},\"inLanguage\":\"es\",\"potentialAction\":[{\"@type\":\"ReadAction\",\"target\":[\"https:\/\/veleztopografia.com\/index.php\/aplicaciones-android\/\"]}]},{\"@type\":\"ImageObject\",\"inLanguage\":\"es\",\"@id\":\"https:\/\/veleztopografia.com\/index.php\/aplicaciones-android\/#primaryimage\",\"url\":\"https:\/\/veleztopografia.com\/wp-content\/uploads\/2019\/12\/Georeferenciacion-1.jpg\",\"contentUrl\":\"https:\/\/veleztopografia.com\/wp-content\/uploads\/2019\/12\/Georeferenciacion-1.jpg\",\"width\":1378,\"height\":1378,\"caption\":\"Georeferenciacion 1\"},{\"@type\":\"BreadcrumbList\",\"@id\":\"https:\/\/veleztopografia.com\/index.php\/aplicaciones-android\/#breadcrumb\",\"itemListElement\":[{\"@type\":\"ListItem\",\"position\":1,\"name\":\"Portada\",\"item\":\"http:\/\/veleztopografia.com\/\"},{\"@type\":\"ListItem\",\"position\":2,\"name\":\"Aplicaciones android\"}]},{\"@type\":\"WebSite\",\"@id\":\"http:\/\/veleztopografia.com\/#website\",\"url\":\"http:\/\/veleztopografia.com\/\",\"name\":\"V\u00e9lez Topograf\u00eda\",\"description\":\"Top\u00f3grafo de V\u00e9lez-M\u00e1laga. Servicios de topografia en la Axarqu\u00eda y M\u00e1laga.Medici\u00f3n de fincas,catastro,validacion gr\u00e1fica,etc..\",\"publisher\":{\"@id\":\"http:\/\/veleztopografia.com\/#organization\"},\"potentialAction\":[{\"@type\":\"SearchAction\",\"target\":{\"@type\":\"EntryPoint\",\"urlTemplate\":\"http:\/\/veleztopografia.com\/?s={search_term_string}\"},\"query-input\":{\"@type\":\"PropertyValueSpecification\",\"valueRequired\":true,\"valueName\":\"search_term_string\"}}],\"inLanguage\":\"es\"},{\"@type\":\"Organization\",\"@id\":\"http:\/\/veleztopografia.com\/#organization\",\"name\":\"V\u00e9lez Topograf\u00eda\",\"url\":\"http:\/\/veleztopografia.com\/\",\"logo\":{\"@type\":\"ImageObject\",\"inLanguage\":\"es\",\"@id\":\"http:\/\/veleztopografia.com\/#\/schema\/logo\/image\/\",\"url\":\"https:\/\/i0.wp.com\/veleztopografia.com\/wp-content\/uploads\/2019\/12\/LOGO-VELEZTOPOGRAFIA200-1.jpg?fit=400%2C200&ssl=1\",\"contentUrl\":\"https:\/\/i0.wp.com\/veleztopografia.com\/wp-content\/uploads\/2019\/12\/LOGO-VELEZTOPOGRAFIA200-1.jpg?fit=400%2C200&ssl=1\",\"width\":400,\"height\":200,\"caption\":\"V\u00e9lez Topograf\u00eda\"},\"image\":{\"@id\":\"http:\/\/veleztopografia.com\/#\/schema\/logo\/image\/\"},\"sameAs\":[\"https:\/\/www.facebook.com\/veleztopografia\",\"https:\/\/x.com\/alvaro_manen\",\"https:\/\/www.instagram.com\/alvaromanen\/\",\"https:\/\/www.linkedin.com\/in\/alvaro-manen-0a7b9a4b\/\",\"https:\/\/www.youtube.com\/channel\/UCBbmXfa52pAGpmufiMrR3qg\/videos\"]}]}<\/script>\n<!-- \/ Yoast SEO Premium plugin. -->","yoast_head_json":{"title":"aplicaciones posicionamiento georrferenciaci\u00f3n","description":"Top\u00f3grafo en V\u00e9lez-M\u00e1laga.Servicios de topograf\u00eda en la axarqu\u00eda y M\u00e1laga.Medici\u00f3n de fincas,catastro,levantamiento topogr\u00e1ficos, segregaciones,replanteos..","robots":{"index":"index","follow":"follow","max-snippet":"max-snippet:-1","max-image-preview":"max-image-preview:large","max-video-preview":"max-video-preview:-1"},"canonical":"https:\/\/veleztopografia.com\/index.php\/aplicaciones-android\/","og_locale":"es_ES","og_type":"article","og_title":"Aplicaciones android","og_description":"Top\u00f3grafo en V\u00e9lez-M\u00e1laga.Servicios de topograf\u00eda en la axarqu\u00eda y M\u00e1laga.Medici\u00f3n de fincas,catastro,levantamiento topogr\u00e1ficos, segregaciones,replanteos..","og_url":"https:\/\/veleztopografia.com\/index.php\/aplicaciones-android\/","og_site_name":"V\u00e9lez Topograf\u00eda","article_publisher":"https:\/\/www.facebook.com\/veleztopografia","article_modified_time":"2020-05-07T20:54:01+00:00","og_image":[{"url":"http:\/\/veleztopografia.com\/wp-content\/uploads\/2019\/12\/Georeferenciacion-1.jpg","type":"","width":"","height":""}],"twitter_card":"summary_large_image","twitter_site":"@alvaro_manen","twitter_misc":{"Tiempo de lectura":"1 minuto"},"schema":{"@context":"https:\/\/schema.org","@graph":[{"@type":"WebPage","@id":"https:\/\/veleztopografia.com\/index.php\/aplicaciones-android\/","url":"https:\/\/veleztopografia.com\/index.php\/aplicaciones-android\/","name":"aplicaciones posicionamiento georrferenciaci\u00f3n","isPartOf":{"@id":"http:\/\/veleztopografia.com\/#website"},"primaryImageOfPage":{"@id":"https:\/\/veleztopografia.com\/index.php\/aplicaciones-android\/#primaryimage"},"image":{"@id":"https:\/\/veleztopografia.com\/index.php\/aplicaciones-android\/#primaryimage"},"thumbnailUrl":"http:\/\/veleztopografia.com\/wp-content\/uploads\/2019\/12\/Georeferenciacion-1.jpg","datePublished":"2019-12-20T08:37:07+00:00","dateModified":"2020-05-07T20:54:01+00:00","description":"Top\u00f3grafo en V\u00e9lez-M\u00e1laga.Servicios de topograf\u00eda en la axarqu\u00eda y M\u00e1laga.Medici\u00f3n de fincas,catastro,levantamiento topogr\u00e1ficos, segregaciones,replanteos..","breadcrumb":{"@id":"https:\/\/veleztopografia.com\/index.php\/aplicaciones-android\/#breadcrumb"},"inLanguage":"es","potentialAction":[{"@type":"ReadAction","target":["https:\/\/veleztopografia.com\/index.php\/aplicaciones-android\/"]}]},{"@type":"ImageObject","inLanguage":"es","@id":"https:\/\/veleztopografia.com\/index.php\/aplicaciones-android\/#primaryimage","url":"https:\/\/veleztopografia.com\/wp-content\/uploads\/2019\/12\/Georeferenciacion-1.jpg","contentUrl":"https:\/\/veleztopografia.com\/wp-content\/uploads\/2019\/12\/Georeferenciacion-1.jpg","width":1378,"height":1378,"caption":"Georeferenciacion 1"},{"@type":"BreadcrumbList","@id":"https:\/\/veleztopografia.com\/index.php\/aplicaciones-android\/#breadcrumb","itemListElement":[{"@type":"ListItem","position":1,"name":"Portada","item":"http:\/\/veleztopografia.com\/"},{"@type":"ListItem","position":2,"name":"Aplicaciones android"}]},{"@type":"WebSite","@id":"http:\/\/veleztopografia.com\/#website","url":"http:\/\/veleztopografia.com\/","name":"V\u00e9lez Topograf\u00eda","description":"Top\u00f3grafo de V\u00e9lez-M\u00e1laga. Servicios de topografia en la Axarqu\u00eda y M\u00e1laga.Medici\u00f3n de fincas,catastro,validacion gr\u00e1fica,etc..","publisher":{"@id":"http:\/\/veleztopografia.com\/#organization"},"potentialAction":[{"@type":"SearchAction","target":{"@type":"EntryPoint","urlTemplate":"http:\/\/veleztopografia.com\/?s={search_term_string}"},"query-input":{"@type":"PropertyValueSpecification","valueRequired":true,"valueName":"search_term_string"}}],"inLanguage":"es"},{"@type":"Organization","@id":"http:\/\/veleztopografia.com\/#organization","name":"V\u00e9lez Topograf\u00eda","url":"http:\/\/veleztopografia.com\/","logo":{"@type":"ImageObject","inLanguage":"es","@id":"http:\/\/veleztopografia.com\/#\/schema\/logo\/image\/","url":"https:\/\/i0.wp.com\/veleztopografia.com\/wp-content\/uploads\/2019\/12\/LOGO-VELEZTOPOGRAFIA200-1.jpg?fit=400%2C200&ssl=1","contentUrl":"https:\/\/i0.wp.com\/veleztopografia.com\/wp-content\/uploads\/2019\/12\/LOGO-VELEZTOPOGRAFIA200-1.jpg?fit=400%2C200&ssl=1","width":400,"height":200,"caption":"V\u00e9lez Topograf\u00eda"},"image":{"@id":"http:\/\/veleztopografia.com\/#\/schema\/logo\/image\/"},"sameAs":["https:\/\/www.facebook.com\/veleztopografia","https:\/\/x.com\/alvaro_manen","https:\/\/www.instagram.com\/alvaromanen\/","https:\/\/www.linkedin.com\/in\/alvaro-manen-0a7b9a4b\/","https:\/\/www.youtube.com\/channel\/UCBbmXfa52pAGpmufiMrR3qg\/videos"]}]}},"uagb_featured_image_src":{"full":false,"thumbnail":false,"medium":false,"medium_large":false,"large":false,"1536x1536":false,"2048x2048":false,"wpvr_mobile":false},"uagb_author_info":{"display_name":"amrtopomar@hotmail.com","author_link":"https:\/\/veleztopografia.com\/index.php\/author\/amrtopomarhotmail-com\/"},"uagb_comment_info":0,"uagb_excerpt":"APLICACIONES M\u00d3VILES APP M\u00d3VILES ANDROID La geolocalizaci\u00f3n, como ya sab\u00e9is, consiste en conocer autom\u00e1ticamente la ubicaci\u00f3n geogr\u00e1fica en la que nos encontramos. Una funcionalidad que va cobrando cada vez m\u00e1s importancia. Es por esta importancia en auge que cada vez m\u00e1s smartphones, y no s\u00f3lo los de gama alta, incluyen un GPS para poder determinar&hellip;","_links":{"self":[{"href":"https:\/\/veleztopografia.com\/index.php\/wp-json\/wp\/v2\/pages\/1524","targetHints":{"allow":["GET"]}}],"collection":[{"href":"https:\/\/veleztopografia.com\/index.php\/wp-json\/wp\/v2\/pages"}],"about":[{"href":"https:\/\/veleztopografia.com\/index.php\/wp-json\/wp\/v2\/types\/page"}],"author":[{"embeddable":true,"href":"https:\/\/veleztopografia.com\/index.php\/wp-json\/wp\/v2\/users\/1"}],"replies":[{"embeddable":true,"href":"https:\/\/veleztopografia.com\/index.php\/wp-json\/wp\/v2\/comments?post=1524"}],"version-history":[{"count":7,"href":"https:\/\/veleztopografia.com\/index.php\/wp-json\/wp\/v2\/pages\/1524\/revisions"}],"predecessor-version":[{"id":2108,"href":"https:\/\/veleztopografia.com\/index.php\/wp-json\/wp\/v2\/pages\/1524\/revisions\/2108"}],"wp:attachment":[{"href":"https:\/\/veleztopografia.com\/index.php\/wp-json\/wp\/v2\/media?parent=1524"}],"curies":[{"name":"wp","href":"https:\/\/api.w.org\/{rel}","templated":true}]}}