{"id":1508,"date":"2019-12-20T08:34:50","date_gmt":"2019-12-20T08:34:50","guid":{"rendered":"http:\/\/veleztopografia.com\/?page_id=1508"},"modified":"2020-03-23T08:13:53","modified_gmt":"2020-03-23T08:13:53","slug":"levantamientos-topograficos","status":"publish","type":"page","link":"https:\/\/veleztopografia.com\/index.php\/levantamientos-topograficos\/","title":{"rendered":"Levantamientos topogr\u00e1ficos"},"content":{"rendered":"\t\t<div data-elementor-type=\"wp-page\" data-elementor-id=\"1508\" class=\"elementor elementor-1508\" data-elementor-post-type=\"page\">\n\t\t\t\t\t\t<section class=\"elementor-section elementor-top-section elementor-element elementor-element-567ff8da elementor-section-full_width elementor-section-height-default elementor-section-height-default\" data-id=\"567ff8da\" data-element_type=\"section\" data-e-type=\"section\" data-settings=\"{&quot;background_background&quot;:&quot;classic&quot;,&quot;shape_divider_bottom&quot;:&quot;arrow&quot;,&quot;shape_divider_bottom_negative&quot;:&quot;yes&quot;}\">\n\t\t\t\t\t\t\t<div class=\"elementor-background-overlay\"><\/div>\n\t\t\t\t\t\t<div class=\"elementor-shape elementor-shape-bottom\" aria-hidden=\"true\" data-negative=\"true\">\n\t\t\t<svg xmlns=\"http:\/\/www.w3.org\/2000\/svg\" viewBox=\"0 0 700 10\" preserveAspectRatio=\"none\">\n\t<path class=\"elementor-shape-fill\" d=\"M360 0L350 9.9 340 0 0 0 0 10 700 10 700 0\"\/>\n<\/svg>\t\t<\/div>\n\t\t\t\t\t<div class=\"elementor-container elementor-column-gap-no\">\n\t\t\t\t\t<div class=\"elementor-column elementor-col-100 elementor-top-column elementor-element elementor-element-5d411ae0\" data-id=\"5d411ae0\" data-element_type=\"column\" data-e-type=\"column\">\n\t\t\t<div class=\"elementor-widget-wrap elementor-element-populated\">\n\t\t\t\t\t\t<div class=\"elementor-element elementor-element-8344605 elementor-widget elementor-widget-heading\" data-id=\"8344605\" data-element_type=\"widget\" data-e-type=\"widget\" data-widget_type=\"heading.default\">\n\t\t\t\t<div class=\"elementor-widget-container\">\n\t\t\t\t\t<h2 class=\"elementor-heading-title elementor-size-default\"><br><br><br><br><br><br><br><br><br>LEVANTAMIENTOS TOPOGR\u00c1FICOS<\/h2>\t\t\t\t<\/div>\n\t\t\t\t<\/div>\n\t\t\t\t\t<\/div>\n\t\t<\/div>\n\t\t\t\t\t<\/div>\n\t\t<\/section>\n\t\t\t\t<section class=\"elementor-section elementor-top-section elementor-element elementor-element-c7a64e elementor-section-content-middle elementor-reverse-mobile elementor-section-boxed elementor-section-height-default elementor-section-height-default\" data-id=\"c7a64e\" data-element_type=\"section\" data-e-type=\"section\">\n\t\t\t\t\t\t<div class=\"elementor-container elementor-column-gap-default\">\n\t\t\t\t\t<div class=\"elementor-column elementor-col-100 elementor-top-column elementor-element elementor-element-18ea3dd1\" data-id=\"18ea3dd1\" data-element_type=\"column\" data-e-type=\"column\">\n\t\t\t<div class=\"elementor-widget-wrap elementor-element-populated\">\n\t\t\t\t\t\t<div class=\"elementor-element elementor-element-6e0e928f elementor-widget elementor-widget-heading\" data-id=\"6e0e928f\" data-element_type=\"widget\" data-e-type=\"widget\" data-widget_type=\"heading.default\">\n\t\t\t\t<div class=\"elementor-widget-container\">\n\t\t\t\t\t<h3 class=\"elementor-heading-title elementor-size-default\">LEVANTAMIENTOS TOPOGR\u00c1FICOS<\/h3>\t\t\t\t<\/div>\n\t\t\t\t<\/div>\n\t\t\t\t<div class=\"elementor-element elementor-element-3565caaa elementor-widget elementor-widget-text-editor\" data-id=\"3565caaa\" data-element_type=\"widget\" data-e-type=\"widget\" data-widget_type=\"text-editor.default\">\n\t\t\t\t<div class=\"elementor-widget-container\">\n\t\t\t\t\t\t\t\t\t<p>\u00a0<\/p><p>Un levantamiento topogr\u00e1fico\u00a0permite conocer la geometr\u00eda de una parcela.\u00a0Determina\u00a0\u00a0su localizaci\u00f3n,\u00a0superficie,\u00a0l\u00edmites\u00a0y altitud de los diferentes puntos; para posteriormente disponer de\u00a0informaci\u00f3n precisa\u00a0que permita realizar cualquier proyecto constructivo.<\/p><p>El Levantamiento Topogr\u00e1fico hace posible situar con precisi\u00f3n un edificio, calcular movimientos de tierras o realizar m\u00faltiples estudios.<\/p><p>Cualquier proyecto constructivo o catastral precisa de un Levantamiento Topogr\u00e1fico.<\/p><p>En un levantamiento topogr\u00e1fico utilizamos fundamentalmente\u00a0dos herramientas:<\/p><ul><li>GPS de alta precisi\u00f3n: captan la localizaci\u00f3n y altura de los puntos representativos del terreno y tambi\u00e9n de todos aquellos elementos de inter\u00e9s (arboles, edificaciones, tuber\u00edas, etc.).\u00a0<\/li><li>Estaci\u00f3n Total, cuando la precisi\u00f3n del GPS no es suficiente por las caracter\u00edsticas del suelo a medir (pendiente elevada, t\u00faneles, \u00e1rboles de gran porte, etc.).\u00a0<\/li><\/ul><p>\u00a0<\/p><p><span style=\"font-size: small;\">Definir correctamente un terreno es la base y garant\u00eda de \u00e9xito de cualquier proyecto.<\/span><\/p><p><span style=\"font-size: small;\">Nosotros le podemos ayudar a la hora de levantar una plano o cartograf\u00eda de detalle, independientemente de la extensi\u00f3n y la localizaci\u00f3n, con detalle de toda la informaci\u00f3n planim\u00e9trica y altim\u00e9trica, servicios de saneamiento, alumbrado, etc.<br \/><\/span><\/p><p><span style=\"font-size: small;\">Para ello disponemos de la \u00faltima instrumentaci\u00f3n topogr\u00e1fica: estaciones totales y GPS.<\/span><\/p>\t\t\t\t\t\t\t\t<\/div>\n\t\t\t\t<\/div>\n\t\t\t\t<div class=\"elementor-element elementor-element-5684624a elementor-widget elementor-widget-image\" data-id=\"5684624a\" data-element_type=\"widget\" data-e-type=\"widget\" data-widget_type=\"image.default\">\n\t\t\t\t<div class=\"elementor-widget-container\">\n\t\t\t\t\t\t\t\t\t\t\t\t\t\t\t<img fetchpriority=\"high\" decoding=\"async\" width=\"2500\" height=\"1577\" src=\"https:\/\/veleztopografia.com\/wp-content\/uploads\/2019\/12\/10660108-1.jpg\" class=\"attachment-full size-full wp-image-1064\" alt=\"topografo malaga\" srcset=\"https:\/\/veleztopografia.com\/wp-content\/uploads\/2019\/12\/10660108-1.jpg 2500w, https:\/\/veleztopografia.com\/wp-content\/uploads\/2019\/12\/10660108-1-300x189.jpg 300w, https:\/\/veleztopografia.com\/wp-content\/uploads\/2019\/12\/10660108-1-1024x646.jpg 1024w, https:\/\/veleztopografia.com\/wp-content\/uploads\/2019\/12\/10660108-1-768x484.jpg 768w, https:\/\/veleztopografia.com\/wp-content\/uploads\/2019\/12\/10660108-1-1536x969.jpg 1536w, https:\/\/veleztopografia.com\/wp-content\/uploads\/2019\/12\/10660108-1-2048x1292.jpg 2048w\" sizes=\"(max-width: 2500px) 100vw, 2500px\" \/>\t\t\t\t\t\t\t\t\t\t\t\t\t\t\t<\/div>\n\t\t\t\t<\/div>\n\t\t\t\t\t<\/div>\n\t\t<\/div>\n\t\t\t\t\t<\/div>\n\t\t<\/section>\n\t\t\t\t<\/div>\n\t\t","protected":false},"excerpt":{"rendered":"<p>LEVANTAMIENTOS TOPOGR\u00c1FICOS LEVANTAMIENTOS TOPOGR\u00c1FICOS \u00a0 Un levantamiento topogr\u00e1fico\u00a0permite conocer la geometr\u00eda de una parcela.\u00a0Determina\u00a0\u00a0su localizaci\u00f3n,\u00a0superficie,\u00a0l\u00edmites\u00a0y altitud de los diferentes puntos; para posteriormente disponer de\u00a0informaci\u00f3n precisa\u00a0que permita realizar cualquier proyecto constructivo. El Levantamiento Topogr\u00e1fico hace posible situar con precisi\u00f3n un edificio, calcular movimientos de tierras o realizar m\u00faltiples estudios. Cualquier proyecto constructivo o catastral precisa de [&hellip;]<\/p>\n","protected":false},"author":1,"featured_media":0,"parent":0,"menu_order":0,"comment_status":"closed","ping_status":"closed","template":"","meta":{"_uag_custom_page_level_css":"","_monsterinsights_skip_tracking":false,"_monsterinsights_sitenote_active":false,"_monsterinsights_sitenote_note":"","_monsterinsights_sitenote_category":0,"site-sidebar-layout":"no-sidebar","site-content-layout":"page-builder","ast-site-content-layout":"default","site-content-style":"default","site-sidebar-style":"default","ast-global-header-display":"","ast-banner-title-visibility":"","ast-main-header-display":"","ast-hfb-above-header-display":"","ast-hfb-below-header-display":"","ast-hfb-mobile-header-display":"","site-post-title":"disabled","ast-breadcrumbs-content":"","ast-featured-img":"disabled","footer-sml-layout":"","ast-disable-related-posts":"","theme-transparent-header-meta":"default","adv-header-id-meta":"","stick-header-meta":"default","header-above-stick-meta":"","header-main-stick-meta":"","header-below-stick-meta":"","astra-migrate-meta-layouts":"default","ast-page-background-enabled":"default","ast-page-background-meta":{"desktop":{"background-color":"","background-image":"","background-repeat":"repeat","background-position":"center center","background-size":"auto","background-attachment":"scroll","background-type":"","background-media":"","overlay-type":"","overlay-color":"","overlay-opacity":"","overlay-gradient":""},"tablet":{"background-color":"","background-image":"","background-repeat":"repeat","background-position":"center center","background-size":"auto","background-attachment":"scroll","background-type":"","background-media":"","overlay-type":"","overlay-color":"","overlay-opacity":"","overlay-gradient":""},"mobile":{"background-color":"","background-image":"","background-repeat":"repeat","background-position":"center center","background-size":"auto","background-attachment":"scroll","background-type":"","background-media":"","overlay-type":"","overlay-color":"","overlay-opacity":"","overlay-gradient":""}},"ast-content-background-meta":{"desktop":{"background-color":"var(--ast-global-color-5)","background-image":"","background-repeat":"repeat","background-position":"center center","background-size":"auto","background-attachment":"scroll","background-type":"","background-media":"","overlay-type":"","overlay-color":"","overlay-opacity":"","overlay-gradient":""},"tablet":{"background-color":"var(--ast-global-color-5)","background-image":"","background-repeat":"repeat","background-position":"center center","background-size":"auto","background-attachment":"scroll","background-type":"","background-media":"","overlay-type":"","overlay-color":"","overlay-opacity":"","overlay-gradient":""},"mobile":{"background-color":"var(--ast-global-color-5)","background-image":"","background-repeat":"repeat","background-position":"center center","background-size":"auto","background-attachment":"scroll","background-type":"","background-media":"","overlay-type":"","overlay-color":"","overlay-opacity":"","overlay-gradient":""}},"footnotes":""},"class_list":["post-1508","page","type-page","status-publish","hentry"],"yoast_head":"<!-- This site is optimized with the Yoast SEO Premium plugin v24.1 (Yoast SEO v27.4) - https:\/\/yoast.com\/product\/yoast-seo-premium-wordpress\/ -->\n<title>Top\u00f3grafo en V\u00e9lez-M\u00e1laga Ingeniero top\u00f3grafo colegiado en la axarqu\u00eda.<\/title>\n<meta name=\"description\" content=\"Top\u00f3grafo en V\u00e9lez-M\u00e1laga.Servicios de topograf\u00eda en la axarqu\u00eda y M\u00e1laga.Medici\u00f3n de fincas,catastro,levantamiento topogr\u00e1ficos, segregaciones,replanteos..\" \/>\n<meta name=\"robots\" content=\"index, follow, max-snippet:-1, max-image-preview:large, max-video-preview:-1\" \/>\n<link rel=\"canonical\" href=\"https:\/\/veleztopografia.com\/index.php\/levantamientos-topograficos\/\" \/>\n<meta property=\"og:locale\" content=\"es_ES\" \/>\n<meta property=\"og:type\" content=\"article\" \/>\n<meta property=\"og:title\" content=\"Levantamientos topogr\u00e1ficos\" \/>\n<meta property=\"og:description\" content=\"Top\u00f3grafo en V\u00e9lez-M\u00e1laga.Servicios de topograf\u00eda en la axarqu\u00eda y M\u00e1laga.Medici\u00f3n de fincas,catastro,levantamiento topogr\u00e1ficos, segregaciones,replanteos..\" \/>\n<meta property=\"og:url\" content=\"https:\/\/veleztopografia.com\/index.php\/levantamientos-topograficos\/\" \/>\n<meta property=\"og:site_name\" content=\"V\u00e9lez Topograf\u00eda\" \/>\n<meta property=\"article:publisher\" content=\"https:\/\/www.facebook.com\/veleztopografia\" \/>\n<meta property=\"article:modified_time\" content=\"2020-03-23T08:13:53+00:00\" \/>\n<meta property=\"og:image\" content=\"http:\/\/veleztopografia.com\/wp-content\/uploads\/2019\/12\/10660108-1.jpg\" \/>\n<meta name=\"twitter:card\" content=\"summary_large_image\" \/>\n<meta name=\"twitter:site\" content=\"@alvaro_manen\" \/>\n<meta name=\"twitter:label1\" content=\"Tiempo de lectura\" \/>\n\t<meta name=\"twitter:data1\" content=\"1 minuto\" \/>\n<script type=\"application\/ld+json\" class=\"yoast-schema-graph\">{\"@context\":\"https:\\\/\\\/schema.org\",\"@graph\":[{\"@type\":\"WebPage\",\"@id\":\"https:\\\/\\\/veleztopografia.com\\\/index.php\\\/levantamientos-topograficos\\\/\",\"url\":\"https:\\\/\\\/veleztopografia.com\\\/index.php\\\/levantamientos-topograficos\\\/\",\"name\":\"Top\u00f3grafo en V\u00e9lez-M\u00e1laga Ingeniero top\u00f3grafo colegiado en la axarqu\u00eda.\",\"isPartOf\":{\"@id\":\"http:\\\/\\\/veleztopografia.com\\\/#website\"},\"primaryImageOfPage\":{\"@id\":\"https:\\\/\\\/veleztopografia.com\\\/index.php\\\/levantamientos-topograficos\\\/#primaryimage\"},\"image\":{\"@id\":\"https:\\\/\\\/veleztopografia.com\\\/index.php\\\/levantamientos-topograficos\\\/#primaryimage\"},\"thumbnailUrl\":\"http:\\\/\\\/veleztopografia.com\\\/wp-content\\\/uploads\\\/2019\\\/12\\\/10660108-1.jpg\",\"datePublished\":\"2019-12-20T08:34:50+00:00\",\"dateModified\":\"2020-03-23T08:13:53+00:00\",\"description\":\"Top\u00f3grafo en V\u00e9lez-M\u00e1laga.Servicios de topograf\u00eda en la axarqu\u00eda y M\u00e1laga.Medici\u00f3n de fincas,catastro,levantamiento topogr\u00e1ficos, segregaciones,replanteos..\",\"breadcrumb\":{\"@id\":\"https:\\\/\\\/veleztopografia.com\\\/index.php\\\/levantamientos-topograficos\\\/#breadcrumb\"},\"inLanguage\":\"es\",\"potentialAction\":[{\"@type\":\"ReadAction\",\"target\":[\"https:\\\/\\\/veleztopografia.com\\\/index.php\\\/levantamientos-topograficos\\\/\"]}]},{\"@type\":\"ImageObject\",\"inLanguage\":\"es\",\"@id\":\"https:\\\/\\\/veleztopografia.com\\\/index.php\\\/levantamientos-topograficos\\\/#primaryimage\",\"url\":\"https:\\\/\\\/veleztopografia.com\\\/wp-content\\\/uploads\\\/2019\\\/12\\\/10660108-1.jpg\",\"contentUrl\":\"https:\\\/\\\/veleztopografia.com\\\/wp-content\\\/uploads\\\/2019\\\/12\\\/10660108-1.jpg\",\"width\":2500,\"height\":1577,\"caption\":\"10660108 1\"},{\"@type\":\"BreadcrumbList\",\"@id\":\"https:\\\/\\\/veleztopografia.com\\\/index.php\\\/levantamientos-topograficos\\\/#breadcrumb\",\"itemListElement\":[{\"@type\":\"ListItem\",\"position\":1,\"name\":\"Portada\",\"item\":\"http:\\\/\\\/veleztopografia.com\\\/\"},{\"@type\":\"ListItem\",\"position\":2,\"name\":\"Levantamientos topogr\u00e1ficos\"}]},{\"@type\":\"WebSite\",\"@id\":\"http:\\\/\\\/veleztopografia.com\\\/#website\",\"url\":\"http:\\\/\\\/veleztopografia.com\\\/\",\"name\":\"V\u00e9lez Topograf\u00eda\",\"description\":\"Top\u00f3grafo de V\u00e9lez-M\u00e1laga. Servicios de topografia en la Axarqu\u00eda y M\u00e1laga.Medici\u00f3n de fincas,catastro,validacion gr\u00e1fica,etc..\",\"publisher\":{\"@id\":\"http:\\\/\\\/veleztopografia.com\\\/#organization\"},\"potentialAction\":[{\"@type\":\"SearchAction\",\"target\":{\"@type\":\"EntryPoint\",\"urlTemplate\":\"http:\\\/\\\/veleztopografia.com\\\/?s={search_term_string}\"},\"query-input\":{\"@type\":\"PropertyValueSpecification\",\"valueRequired\":true,\"valueName\":\"search_term_string\"}}],\"inLanguage\":\"es\"},{\"@type\":\"Organization\",\"@id\":\"http:\\\/\\\/veleztopografia.com\\\/#organization\",\"name\":\"V\u00e9lez Topograf\u00eda\",\"url\":\"http:\\\/\\\/veleztopografia.com\\\/\",\"logo\":{\"@type\":\"ImageObject\",\"inLanguage\":\"es\",\"@id\":\"http:\\\/\\\/veleztopografia.com\\\/#\\\/schema\\\/logo\\\/image\\\/\",\"url\":\"https:\\\/\\\/i0.wp.com\\\/veleztopografia.com\\\/wp-content\\\/uploads\\\/2019\\\/12\\\/LOGO-VELEZTOPOGRAFIA200-1.jpg?fit=400%2C200&ssl=1\",\"contentUrl\":\"https:\\\/\\\/i0.wp.com\\\/veleztopografia.com\\\/wp-content\\\/uploads\\\/2019\\\/12\\\/LOGO-VELEZTOPOGRAFIA200-1.jpg?fit=400%2C200&ssl=1\",\"width\":400,\"height\":200,\"caption\":\"V\u00e9lez Topograf\u00eda\"},\"image\":{\"@id\":\"http:\\\/\\\/veleztopografia.com\\\/#\\\/schema\\\/logo\\\/image\\\/\"},\"sameAs\":[\"https:\\\/\\\/www.facebook.com\\\/veleztopografia\",\"https:\\\/\\\/x.com\\\/alvaro_manen\",\"https:\\\/\\\/www.instagram.com\\\/alvaromanen\\\/\",\"https:\\\/\\\/www.linkedin.com\\\/in\\\/alvaro-manen-0a7b9a4b\\\/\",\"https:\\\/\\\/www.youtube.com\\\/channel\\\/UCBbmXfa52pAGpmufiMrR3qg\\\/videos\"]}]}<\/script>\n<!-- \/ Yoast SEO Premium plugin. -->","yoast_head_json":{"title":"Top\u00f3grafo en V\u00e9lez-M\u00e1laga Ingeniero top\u00f3grafo colegiado en la axarqu\u00eda.","description":"Top\u00f3grafo en V\u00e9lez-M\u00e1laga.Servicios de topograf\u00eda en la axarqu\u00eda y M\u00e1laga.Medici\u00f3n de fincas,catastro,levantamiento topogr\u00e1ficos, segregaciones,replanteos..","robots":{"index":"index","follow":"follow","max-snippet":"max-snippet:-1","max-image-preview":"max-image-preview:large","max-video-preview":"max-video-preview:-1"},"canonical":"https:\/\/veleztopografia.com\/index.php\/levantamientos-topograficos\/","og_locale":"es_ES","og_type":"article","og_title":"Levantamientos topogr\u00e1ficos","og_description":"Top\u00f3grafo en V\u00e9lez-M\u00e1laga.Servicios de topograf\u00eda en la axarqu\u00eda y M\u00e1laga.Medici\u00f3n de fincas,catastro,levantamiento topogr\u00e1ficos, segregaciones,replanteos..","og_url":"https:\/\/veleztopografia.com\/index.php\/levantamientos-topograficos\/","og_site_name":"V\u00e9lez Topograf\u00eda","article_publisher":"https:\/\/www.facebook.com\/veleztopografia","article_modified_time":"2020-03-23T08:13:53+00:00","og_image":[{"url":"http:\/\/veleztopografia.com\/wp-content\/uploads\/2019\/12\/10660108-1.jpg","type":"","width":"","height":""}],"twitter_card":"summary_large_image","twitter_site":"@alvaro_manen","twitter_misc":{"Tiempo de lectura":"1 minuto"},"schema":{"@context":"https:\/\/schema.org","@graph":[{"@type":"WebPage","@id":"https:\/\/veleztopografia.com\/index.php\/levantamientos-topograficos\/","url":"https:\/\/veleztopografia.com\/index.php\/levantamientos-topograficos\/","name":"Top\u00f3grafo en V\u00e9lez-M\u00e1laga Ingeniero top\u00f3grafo colegiado en la axarqu\u00eda.","isPartOf":{"@id":"http:\/\/veleztopografia.com\/#website"},"primaryImageOfPage":{"@id":"https:\/\/veleztopografia.com\/index.php\/levantamientos-topograficos\/#primaryimage"},"image":{"@id":"https:\/\/veleztopografia.com\/index.php\/levantamientos-topograficos\/#primaryimage"},"thumbnailUrl":"http:\/\/veleztopografia.com\/wp-content\/uploads\/2019\/12\/10660108-1.jpg","datePublished":"2019-12-20T08:34:50+00:00","dateModified":"2020-03-23T08:13:53+00:00","description":"Top\u00f3grafo en V\u00e9lez-M\u00e1laga.Servicios de topograf\u00eda en la axarqu\u00eda y M\u00e1laga.Medici\u00f3n de fincas,catastro,levantamiento topogr\u00e1ficos, segregaciones,replanteos..","breadcrumb":{"@id":"https:\/\/veleztopografia.com\/index.php\/levantamientos-topograficos\/#breadcrumb"},"inLanguage":"es","potentialAction":[{"@type":"ReadAction","target":["https:\/\/veleztopografia.com\/index.php\/levantamientos-topograficos\/"]}]},{"@type":"ImageObject","inLanguage":"es","@id":"https:\/\/veleztopografia.com\/index.php\/levantamientos-topograficos\/#primaryimage","url":"https:\/\/veleztopografia.com\/wp-content\/uploads\/2019\/12\/10660108-1.jpg","contentUrl":"https:\/\/veleztopografia.com\/wp-content\/uploads\/2019\/12\/10660108-1.jpg","width":2500,"height":1577,"caption":"10660108 1"},{"@type":"BreadcrumbList","@id":"https:\/\/veleztopografia.com\/index.php\/levantamientos-topograficos\/#breadcrumb","itemListElement":[{"@type":"ListItem","position":1,"name":"Portada","item":"http:\/\/veleztopografia.com\/"},{"@type":"ListItem","position":2,"name":"Levantamientos topogr\u00e1ficos"}]},{"@type":"WebSite","@id":"http:\/\/veleztopografia.com\/#website","url":"http:\/\/veleztopografia.com\/","name":"V\u00e9lez Topograf\u00eda","description":"Top\u00f3grafo de V\u00e9lez-M\u00e1laga. Servicios de topografia en la Axarqu\u00eda y M\u00e1laga.Medici\u00f3n de fincas,catastro,validacion gr\u00e1fica,etc..","publisher":{"@id":"http:\/\/veleztopografia.com\/#organization"},"potentialAction":[{"@type":"SearchAction","target":{"@type":"EntryPoint","urlTemplate":"http:\/\/veleztopografia.com\/?s={search_term_string}"},"query-input":{"@type":"PropertyValueSpecification","valueRequired":true,"valueName":"search_term_string"}}],"inLanguage":"es"},{"@type":"Organization","@id":"http:\/\/veleztopografia.com\/#organization","name":"V\u00e9lez Topograf\u00eda","url":"http:\/\/veleztopografia.com\/","logo":{"@type":"ImageObject","inLanguage":"es","@id":"http:\/\/veleztopografia.com\/#\/schema\/logo\/image\/","url":"https:\/\/i0.wp.com\/veleztopografia.com\/wp-content\/uploads\/2019\/12\/LOGO-VELEZTOPOGRAFIA200-1.jpg?fit=400%2C200&ssl=1","contentUrl":"https:\/\/i0.wp.com\/veleztopografia.com\/wp-content\/uploads\/2019\/12\/LOGO-VELEZTOPOGRAFIA200-1.jpg?fit=400%2C200&ssl=1","width":400,"height":200,"caption":"V\u00e9lez Topograf\u00eda"},"image":{"@id":"http:\/\/veleztopografia.com\/#\/schema\/logo\/image\/"},"sameAs":["https:\/\/www.facebook.com\/veleztopografia","https:\/\/x.com\/alvaro_manen","https:\/\/www.instagram.com\/alvaromanen\/","https:\/\/www.linkedin.com\/in\/alvaro-manen-0a7b9a4b\/","https:\/\/www.youtube.com\/channel\/UCBbmXfa52pAGpmufiMrR3qg\/videos"]}]}},"uagb_featured_image_src":{"full":false,"thumbnail":false,"medium":false,"medium_large":false,"large":false,"1536x1536":false,"2048x2048":false,"wpvr_mobile":false},"uagb_author_info":{"display_name":"amrtopomar@hotmail.com","author_link":"https:\/\/veleztopografia.com\/index.php\/author\/amrtopomarhotmail-com\/"},"uagb_comment_info":0,"uagb_excerpt":"LEVANTAMIENTOS TOPOGR\u00c1FICOS LEVANTAMIENTOS TOPOGR\u00c1FICOS \u00a0 Un levantamiento topogr\u00e1fico\u00a0permite conocer la geometr\u00eda de una parcela.\u00a0Determina\u00a0\u00a0su localizaci\u00f3n,\u00a0superficie,\u00a0l\u00edmites\u00a0y altitud de los diferentes puntos; para posteriormente disponer de\u00a0informaci\u00f3n precisa\u00a0que permita realizar cualquier proyecto constructivo. El Levantamiento Topogr\u00e1fico hace posible situar con precisi\u00f3n un edificio, calcular movimientos de tierras o realizar m\u00faltiples estudios. Cualquier proyecto constructivo o catastral precisa de&hellip;","_links":{"self":[{"href":"https:\/\/veleztopografia.com\/index.php\/wp-json\/wp\/v2\/pages\/1508","targetHints":{"allow":["GET"]}}],"collection":[{"href":"https:\/\/veleztopografia.com\/index.php\/wp-json\/wp\/v2\/pages"}],"about":[{"href":"https:\/\/veleztopografia.com\/index.php\/wp-json\/wp\/v2\/types\/page"}],"author":[{"embeddable":true,"href":"https:\/\/veleztopografia.com\/index.php\/wp-json\/wp\/v2\/users\/1"}],"replies":[{"embeddable":true,"href":"https:\/\/veleztopografia.com\/index.php\/wp-json\/wp\/v2\/comments?post=1508"}],"version-history":[{"count":9,"href":"https:\/\/veleztopografia.com\/index.php\/wp-json\/wp\/v2\/pages\/1508\/revisions"}],"predecessor-version":[{"id":2068,"href":"https:\/\/veleztopografia.com\/index.php\/wp-json\/wp\/v2\/pages\/1508\/revisions\/2068"}],"wp:attachment":[{"href":"https:\/\/veleztopografia.com\/index.php\/wp-json\/wp\/v2\/media?parent=1508"}],"curies":[{"name":"wp","href":"https:\/\/api.w.org\/{rel}","templated":true}]}}